{"id":147,"date":"2016-04-25T13:06:20","date_gmt":"2016-04-25T13:06:20","guid":{"rendered":"http:\/\/innwithemes.com\/composer\/?page_id=147"},"modified":"2019-09-12T17:15:12","modified_gmt":"2019-09-12T17:15:12","slug":"inicio","status":"publish","type":"page","link":"https:\/\/rancholaluna.mx\/","title":{"rendered":"INICIO"},"content":{"rendered":"<p>[vc_row full_width=&#8221;stretch_row_content_no_spaces&#8221; equal_height=&#8221;yes&#8221; css=&#8221;.vc_custom_1465463781108{border-top-width: 5px !important;padding-top: 0px !important;padding-bottom: 0px !important;border-top-color: #ffffff !important;border-top-style: solid !important;}&#8221;][vc_column width=&#8221;2\/3&#8243; css=&#8221;.vc_custom_1464261600408{padding-top: 140px !important;padding-right: 100px !important;padding-bottom: 140px !important;padding-left: 100px !important;}&#8221;]<div id=\"ultimate-heading-46669e5f1d5c87ad\" class=\"uvc-heading ult-adjust-bottom-margin ultimate-heading-46669e5f1d5c87ad uvc-4786 \" data-hspacer=\"line_only\"  data-halign=\"left\" style=\"text-align:left\"><div class=\"uvc-main-heading ult-responsive\"  data-ultimate-target='.uvc-heading.ultimate-heading-46669e5f1d5c87ad h2'  data-responsive-json-new='{\"font-size\":\"desktop:28px;\",\"line-height\":\"\"}' ><h2 style=\"font-family:&#039;Poppins&#039;;font-weight:600;margin-bottom:45px;\">Nosotros<\/h2><\/div><div class=\"uvc-heading-spacer line_only\" style=\"margin-bottom:50px;height:5px;\"><span class=\"uvc-headings-line\" style=\"border-style:solid;border-bottom-width:5px;border-color:#c29269;width:65px;\"><\/span><\/div><\/div>[vc_column_text]<\/p>\n<h4>En Rancho La Luna nos especializamos a la crianza profesional de caballos de alta gama como Quarter Horse y Espa\u00f1ola.<\/h4>\n<h4>Contando con la mejor infraestructura para la crianza, cuidados y el desarrollo de nuestras bellas y elegantes razas.<\/h4>\n<p>[\/vc_column_text][\/vc_column][vc_column width=&#8221;1\/3&#8243; css=&#8221;.vc_custom_1556763566418{padding-top: 300px !important;padding-left: 500px !important;background-image: url(https:\/\/rancholaluna.mx\/wp-content\/uploads\/2019\/05\/59393386_2325660534371453_1303102170052165632_n-2.jpg?id=234) !important;background-position: center !important;background-repeat: no-repeat !important;background-size: cover !important;}&#8221;][\/vc_column][\/vc_row][vc_row full_width=&#8221;stretch_row_content_no_spaces&#8221; equal_height=&#8221;yes&#8221; css=&#8221;.vc_custom_1556765642650{padding-top: 0px !important;padding-bottom: 0px !important;background-image: url(https:\/\/rancholaluna.mx\/wp-content\/uploads\/2019\/05\/Espuelas-0042.png?id=246) !important;background-position: center !important;background-repeat: no-repeat !important;background-size: cover !important;}&#8221;][vc_column width=&#8221;2\/3&#8243; css=&#8221;.vc_custom_1464259732747{padding-top: 140px !important;padding-right: 100px !important;padding-bottom: 150px !important;padding-left: 100px !important;background-color: rgba(194,146,105,0.88) !important;*background-color: rgb(194,146,105) !important;}&#8221;]<div id=\"ultimate-heading-370169e5f1d5c880f\" class=\"uvc-heading ult-adjust-bottom-margin ultimate-heading-370169e5f1d5c880f uvc-7980 \" data-hspacer=\"no_spacer\"  data-halign=\"left\" style=\"text-align:left\"><div class=\"uvc-heading-spacer no_spacer\" style=\"top\"><\/div><div class=\"uvc-main-heading ult-responsive\"  data-ultimate-target='.uvc-heading.ultimate-heading-370169e5f1d5c880f h2'  data-responsive-json-new='{\"font-size\":\"desktop:24px;\",\"line-height\":\"\"}' ><h2 style=\"font-family:&#039;Poppins&#039;;font-weight:500;color:#ffffff;margin-bottom:45px;\">Nuestras Metas<\/h2><\/div><\/div>[vc_row_inner][vc_column_inner width=&#8221;1\/2&#8243; css=&#8221;.vc_custom_1464271361226{padding-right: 15px !important;}&#8221;]<div id=\"ultimate-heading-365169e5f1d5c8846\" class=\"uvc-heading ult-adjust-bottom-margin ultimate-heading-365169e5f1d5c8846 uvc-6339 \" data-hspacer=\"no_spacer\"  data-halign=\"left\" style=\"text-align:left\"><div class=\"uvc-heading-spacer no_spacer\" style=\"top\"><\/div><div class=\"uvc-main-heading ult-responsive\"  data-ultimate-target='.uvc-heading.ultimate-heading-365169e5f1d5c8846 h2'  data-responsive-json-new='{\"font-size\":\"desktop:21px;\",\"line-height\":\"\"}' ><h2 style=\"font-family:&#039;Poppins&#039;;font-weight:500;color:#ffffff;margin-bottom:30px;\">Misi\u00f3n<\/h2><\/div><div class=\"uvc-sub-heading ult-responsive\"  data-ultimate-target='.uvc-heading.ultimate-heading-365169e5f1d5c8846 .uvc-sub-heading '  data-responsive-json-new='{\"font-size\":\"desktop:18px;\",\"line-height\":\"desktop:34px;\"}'  style=\"font-family:&#039;Raleway&#039;;font-weight:normal;color:#ffffff;margin-bottom:40px;\">Preservar la calidad y excelencia de todos nuestros ejemplares por medio del cuidado profesional y especializado en nuestro criadero.<\/div><\/div>[\/vc_column_inner][vc_column_inner width=&#8221;1\/2&#8243; css=&#8221;.vc_custom_1464269419430{padding-right: 15px !important;padding-left: 15px !important;}&#8221;]<div id=\"ultimate-heading-914269e5f1d5c8884\" class=\"uvc-heading ult-adjust-bottom-margin ultimate-heading-914269e5f1d5c8884 uvc-8793 \" data-hspacer=\"no_spacer\"  data-halign=\"left\" style=\"text-align:left\"><div class=\"uvc-heading-spacer no_spacer\" style=\"top\"><\/div><div class=\"uvc-main-heading ult-responsive\"  data-ultimate-target='.uvc-heading.ultimate-heading-914269e5f1d5c8884 h2'  data-responsive-json-new='{\"font-size\":\"desktop:21px;\",\"line-height\":\"\"}' ><h2 style=\"font-family:&#039;Poppins&#039;;font-weight:500;color:#ffffff;margin-bottom:30px;\">Visi\u00f3n<\/h2><\/div><div class=\"uvc-sub-heading ult-responsive\"  data-ultimate-target='.uvc-heading.ultimate-heading-914269e5f1d5c8884 .uvc-sub-heading '  data-responsive-json-new='{\"font-size\":\"desktop:18px;\",\"line-height\":\"desktop:34px;\"}'  style=\"font-family:&#039;Raleway&#039;;font-weight:normal;color:#ffffff;margin-bottom:40px;\">Ser uno de los mejores ranchos a nivel nacional que se destaca por su alta calidad y \u00f3ptimo desempe\u00f1o para la satisfacci\u00f3n de todos nuestros clientes y aficionados de estas hermosas razas.<\/div><\/div>[\/vc_column_inner][\/vc_row_inner][\/vc_column][vc_column width=&#8221;1\/3&#8243; css=&#8221;.vc_custom_1461927886950{padding-top: 140px !important;padding-right: 10% !important;padding-left: 10% !important;background-color: #ffffff !important;}&#8221;]<div id=\"ultimate-heading-67269e5f1d5c88c5\" class=\"uvc-heading ult-adjust-bottom-margin ultimate-heading-67269e5f1d5c88c5 uvc-6742 \" data-hspacer=\"line_only\"  data-halign=\"right\" style=\"text-align:right\"><div class=\"uvc-main-heading ult-responsive\"  data-ultimate-target='.uvc-heading.ultimate-heading-67269e5f1d5c88c5 h2'  data-responsive-json-new='{\"font-size\":\"desktop:28px;\",\"line-height\":\"\"}' ><h2 style=\"font-family:&#039;Poppins&#039;;font-weight:600;margin-bottom:45px;\">Valores<\/h2><\/div><div class=\"uvc-heading-spacer line_only\" style=\"margin-bottom:50px;height:5px;\"><span class=\"uvc-headings-line\" style=\"border-style:solid;border-bottom-width:5px;border-color:#c29269;width:65px;\"><\/span><\/div><div class=\"uvc-sub-heading ult-responsive\"  data-ultimate-target='.uvc-heading.ultimate-heading-67269e5f1d5c88c5 .uvc-sub-heading '  data-responsive-json-new='{\"font-size\":\"desktop:18px;\",\"line-height\":\"desktop:34px;\"}'  style=\"font-family:&#039;Raleway&#039;;font-weight:normal;\">Profesionalismo<\/p>\n<p>Respeto<\/p>\n<p>Pasi\u00f3n<\/p>\n<p>Integridad<\/p>\n<p>Excelencia<\/div><\/div>[\/vc_column][\/vc_row][vc_row full_width=&#8221;stretch_row_content_no_spaces&#8221; equal_height=&#8221;yes&#8221; css=&#8221;.vc_custom_1460650166486{padding-top: 0px !important;padding-bottom: 0px !important;}&#8221;][vc_column width=&#8221;2\/3&#8243; css=&#8221;.vc_custom_1464270548050{border-right-width: 1px !important;padding-top: 140px !important;padding-right: 15% !important;padding-left: 15% !important;border-right-color: #ececec !important;border-right-style: solid !important;}&#8221;]<div id=\"ultimate-heading-404969e5f1d5c8904\" class=\"uvc-heading ult-adjust-bottom-margin ultimate-heading-404969e5f1d5c8904 uvc-8407 \" data-hspacer=\"line_only\"  data-halign=\"right\" style=\"text-align:right\"><div class=\"uvc-main-heading ult-responsive\"  data-ultimate-target='.uvc-heading.ultimate-heading-404969e5f1d5c8904 h2'  data-responsive-json-new='{\"font-size\":\"desktop:28px;\",\"line-height\":\"\"}' ><h2 style=\"font-family:&#039;Poppins&#039;;font-weight:600;margin-bottom:45px;\">Crianza<\/h2><\/div><div class=\"uvc-heading-spacer line_only\" style=\"margin-bottom:50px;height:5px;\"><span class=\"uvc-headings-line\" style=\"border-style:solid;border-bottom-width:5px;border-color:#c29269;width:65px;\"><\/span><\/div><div class=\"uvc-sub-heading ult-responsive\"  data-ultimate-target='.uvc-heading.ultimate-heading-404969e5f1d5c8904 .uvc-sub-heading '  data-responsive-json-new='{\"font-size\":\"desktop:18px;\",\"line-height\":\"desktop:34px;\"}'  style=\"font-family:&#039;Raleway&#039;;font-weight:normal;\">Nos especializamos a la crianza profesional de caballos de alta gama como Quarter Horse y Espa\u00f1ola.<\/p>\n<p>&nbsp;<\/p>\n<p>&nbsp;<\/p>\n<p><\/div><\/div>[\/vc_column][vc_column width=&#8221;1\/3&#8243; css=&#8221;.vc_custom_1556766273269{padding-top: 0px !important;background-image: url(https:\/\/rancholaluna.mx\/wp-content\/uploads\/2019\/05\/colgantes.png?id=252) !important;background-position: center !important;background-repeat: no-repeat !important;background-size: cover !important;}&#8221;][\/vc_column][\/vc_row][vc_row full_width=&#8221;stretch_row_content_no_spaces&#8221; content_placement=&#8221;middle&#8221; color_style=&#8221;light&#8221; css=&#8221;.vc_custom_1556766754481{padding-top: 0px !important;padding-bottom: 0px !important;background-color: #ffffff !important;}&#8221;][vc_column width=&#8221;2\/3&#8243; css=&#8221;.vc_custom_1556765808815{border-right-width: 1px !important;padding-top: 100px !important;padding-right: 15% !important;padding-bottom: 100px !important;padding-left: 15% !important;background-color: #c29269 !important;border-right-color: rgba(236,236,236,0.2) !important;border-right-style: solid !important;}&#8221;]<div id=\"ultimate-heading-750269e5f1d5c893e\" class=\"uvc-heading ult-adjust-bottom-margin ultimate-heading-750269e5f1d5c893e uvc-2534 \" data-hspacer=\"no_spacer\"  data-halign=\"left\" style=\"text-align:left\"><div class=\"uvc-heading-spacer no_spacer\" style=\"top\"><\/div><div class=\"uvc-main-heading ult-responsive\"  data-ultimate-target='.uvc-heading.ultimate-heading-750269e5f1d5c893e h2'  data-responsive-json-new='{\"font-size\":\"desktop:24px;\",\"line-height\":\"\"}' ><h2 style=\"font-family:&#039;Poppins&#039;;font-weight:500;color:#ffffff;margin-bottom:45px;\">Cont\u00e1ctanos<\/h2><\/div><\/div>\n<div class=\"wpcf7 no-js\" id=\"wpcf7-f6-o1\" lang=\"en-US\" dir=\"ltr\" data-wpcf7-id=\"6\">\n<div class=\"screen-reader-response\"><p role=\"status\" aria-live=\"polite\" aria-atomic=\"true\"><\/p> <ul><\/ul><\/div>\n<form action=\"\/index.php\/wp-json\/wp\/v2\/pages\/147#wpcf7-f6-o1\" method=\"post\" class=\"wpcf7-form init\" aria-label=\"Contact form\" novalidate=\"novalidate\" data-status=\"init\">\n<div style=\"display: none;\">\n<input type=\"hidden\" name=\"_wpcf7\" value=\"6\" \/>\n<input type=\"hidden\" name=\"_wpcf7_version\" value=\"6.0.6\" \/>\n<input type=\"hidden\" name=\"_wpcf7_locale\" value=\"en_US\" \/>\n<input type=\"hidden\" name=\"_wpcf7_unit_tag\" value=\"wpcf7-f6-o1\" \/>\n<input type=\"hidden\" name=\"_wpcf7_container_post\" value=\"0\" \/>\n<input type=\"hidden\" name=\"_wpcf7_posted_data_hash\" value=\"\" \/>\n<\/div>\n<p><label> Nombre*<br \/>\n<span class=\"wpcf7-form-control-wrap\" data-name=\"your-name\"><input size=\"40\" maxlength=\"400\" class=\"wpcf7-form-control wpcf7-text wpcf7-validates-as-required\" aria-required=\"true\" aria-invalid=\"false\" value=\"\" type=\"text\" name=\"your-name\" \/><\/span> <\/label>\n<\/p>\n<p><label> Email*<br \/>\n<span class=\"wpcf7-form-control-wrap\" data-name=\"your-email\"><input size=\"40\" maxlength=\"400\" class=\"wpcf7-form-control wpcf7-email wpcf7-validates-as-required wpcf7-text wpcf7-validates-as-email\" aria-required=\"true\" aria-invalid=\"false\" value=\"\" type=\"email\" name=\"your-email\" \/><\/span> <\/label>\n<\/p>\n<p><label> Mensaje<br \/>\n<span class=\"wpcf7-form-control-wrap\" data-name=\"your-message\"><textarea cols=\"40\" rows=\"10\" maxlength=\"2000\" class=\"wpcf7-form-control wpcf7-textarea\" aria-invalid=\"false\" name=\"your-message\"><\/textarea><\/span> <\/label>\n<\/p>\n<p><input class=\"wpcf7-form-control wpcf7-submit has-spinner\" type=\"submit\" value=\"Enviar\" \/>\n<\/p><div class=\"wpcf7-response-output\" aria-hidden=\"true\"><\/div>\n<\/form>\n<\/div>\n[\/vc_column][vc_column width=&#8221;1\/3&#8243; css=&#8221;.vc_custom_1469709460628{padding-right: 100px !important;padding-bottom: 100px !important;padding-left: 100px !important;}&#8221;]<div id=\"ultimate-heading-596169e5f1d5c9321\" class=\"uvc-heading ult-adjust-bottom-margin ultimate-heading-596169e5f1d5c9321 uvc-2183 \" data-hspacer=\"line_only\"  data-halign=\"right\" style=\"text-align:right\"><div class=\"uvc-main-heading ult-responsive\"  data-ultimate-target='.uvc-heading.ultimate-heading-596169e5f1d5c9321 h2'  data-responsive-json-new='{\"font-size\":\"desktop:28px;\",\"line-height\":\"\"}' ><h2 style=\"font-family:&#039;Poppins&#039;;font-weight:500;color:#5f270f;margin-bottom:28px;\">Informaci\u00f3n<\/h2><\/div><div class=\"uvc-heading-spacer line_only\" style=\"topheight:1px;\"><span class=\"uvc-headings-line\" style=\"border-style:solid;border-bottom-width:1px;border-color:#c29269;width:70px;\"><\/span><\/div><\/div>[vc_column_text]<\/p>\n<p style=\"font-family: poppins; text-align: right;\">33 3955 4306<br \/>\n<a href=\"contacto@ranchodelaluna.mx\">info@rancholaluna.mx<\/a><\/p>\n<p>[\/vc_column_text][\/vc_column][\/vc_row][vc_row full_width=&#8221;stretch_row_content_no_spaces&#8221; content_placement=&#8221;middle&#8221; color_style=&#8221;light&#8221; css=&#8221;.vc_custom_1556766754481{padding-top: 0px !important;padding-bottom: 0px !important;background-color: #ffffff !important;}&#8221;][vc_column width=&#8221;1\/3&#8243; css=&#8221;.vc_custom_1561480094030{padding-top: 130px !important;padding-bottom: 140px !important;background-image: url(https:\/\/rancholaluna.mx\/wp-content\/uploads\/2019\/06\/Berries_Banner.jpg?id=614) !important;background-position: center !important;background-repeat: no-repeat !important;background-size: contain !important;}&#8221;][\/vc_column][vc_column width=&#8221;1\/3&#8243; css=&#8221;.vc_custom_1561480303371{padding-top: 130px !important;padding-bottom: 140px !important;background-image: url(https:\/\/rancholaluna.mx\/wp-content\/uploads\/2019\/06\/Berries_Banner2.jpg?id=615) !important;background-position: center !important;background-repeat: no-repeat !important;background-size: cover !important;}&#8221;][\/vc_column][vc_column width=&#8221;1\/3&#8243;][spacer height=&#8221;50px&#8221;][vc_column_text]<\/p>\n<h2 style=\"text-align: center;\"><span style=\"color: #4e4084;\">\u00a1VISITA BERRIES RANCHO LA LUNA!<\/span><\/h2>\n<p>[\/vc_column_text][vc_btn title=&#8221;VISITAR&#8221; style=&#8221;custom&#8221; custom_background=&#8221;#4e4084&#8243; custom_text=&#8221;#ffffff&#8221; shape=&#8221;round&#8221; size=&#8221;lg&#8221; align=&#8221;center&#8221; css_animation=&#8221;flipInX&#8221; link=&#8221;url:http%3A%2F%2Fberriesrancholaluna.mx|||&#8221;][spacer][\/vc_column][\/vc_row][vc_row full_width=&#8221;stretch_row&#8221; color_style=&#8221;light&#8221; css=&#8221;.vc_custom_1556769207344{padding-top: 50px !important;padding-bottom: 50px !important;background-color: #5f270f !important;}&#8221;][vc_column]<div class=\" uavc-icons-center uavc-icons \">\n<a class=\"aio-tooltip 69e5f1d5c9576\" href=\"https:\/\/www.facebook.com\/rancholalunamx\/\"  data-toggle=\"tooltip\" data-placement=\"top\" title=\"Facebook\"><div class=\"aio-icon  \" data-animation=\"\" data-animation-delay=\"03\" style=\"color:#ffffff;font-size:18px;margin-right:5px;\">\n\t<i class=\"Defaults-facebook facebook-f\"><\/i>\n<\/div><\/a><script>\r\n\t\t\t\t\tjQuery(function () {\r\n\t\t\t\t\t\tjQuery(\".69e5f1d5c9576\").bsf_tooltip(\"hide\");\r\n\t\t\t\t\t})\r\n\t\t\t\t<\/script>\n<a class=\"aio-tooltip 69e5f1d5c95c2\" href=\"https:\/\/www.instagram.com\/rancholaluna\/\"  data-toggle=\"tooltip\" data-placement=\"top\" title=\"Instagram\"><div class=\"aio-icon  \" data-animation=\"\" data-animation-delay=\"03\" style=\"color:#ffffff;font-size:18px;margin-right:5px;\">\n\t<i class=\"Defaults-instagram\"><\/i>\n<\/div><\/a><script>\r\n\t\t\t\t\tjQuery(function () {\r\n\t\t\t\t\t\tjQuery(\".69e5f1d5c95c2\").bsf_tooltip(\"hide\");\r\n\t\t\t\t\t})\r\n\t\t\t\t<\/script>\n<a class=\"aio-tooltip 69e5f1d5c95ec\" href=\"http:\/\/rancholaluna.mx\/index.php\/contacto\/\" title=\"CONTACTO\"  data-toggle=\"tooltip\" data-placement=\"top\" title=\"Mail\"><div class=\"aio-icon  \" data-animation=\"\" data-animation-delay=\"03\" style=\"color:#ffffff;font-size:18px;margin-right:5px;\">\n\t<i class=\"Defaults-envelope-o\"><\/i>\n<\/div><\/a><script>\r\n\t\t\t\t\tjQuery(function () {\r\n\t\t\t\t\t\tjQuery(\".69e5f1d5c95ec\").bsf_tooltip(\"hide\");\r\n\t\t\t\t\t})\r\n\t\t\t\t<\/script><\/div>[\/vc_column][\/vc_row]<\/p>\n","protected":false},"excerpt":{"rendered":"<p>[vc_row full_width=&#8221;stretch_row_content_no_spaces&#8221; equal_height=&#8221;yes&#8221; css=&#8221;.vc_custom_1465463781108{border-top-width: 5px !important;padding-top: 0px !important;padding-bottom: 0px !important;border-top-color: #ffffff !important;border-top-style: solid !important;}&#8221;][vc_column width=&#8221;2\/3&#8243; css=&#8221;.vc_custom_1464261600408{padding-top: 140px !important;padding-right: 100px !important;padding-bottom: 140px !important;padding-left: 100px !important;}&#8221;][vc_column_text] En Rancho La Luna nos especializamos a la crianza profesional de caballos de alta gama como Quarter Horse y Espa\u00f1ola. Contando con la mejor infraestructura para la crianza, cuidados y el [&hellip;]<\/p>\n","protected":false},"author":1,"featured_media":199,"parent":0,"menu_order":0,"comment_status":"closed","ping_status":"closed","template":"page-full-width.php","meta":{"om_disable_all_campaigns":false,"footnotes":""},"class_list":["post-147","page","type-page","status-publish","has-post-thumbnail","hentry"],"jetpack_sharing_enabled":true,"_links":{"self":[{"href":"https:\/\/rancholaluna.mx\/index.php\/wp-json\/wp\/v2\/pages\/147"}],"collection":[{"href":"https:\/\/rancholaluna.mx\/index.php\/wp-json\/wp\/v2\/pages"}],"about":[{"href":"https:\/\/rancholaluna.mx\/index.php\/wp-json\/wp\/v2\/types\/page"}],"author":[{"embeddable":true,"href":"https:\/\/rancholaluna.mx\/index.php\/wp-json\/wp\/v2\/users\/1"}],"replies":[{"embeddable":true,"href":"https:\/\/rancholaluna.mx\/index.php\/wp-json\/wp\/v2\/comments?post=147"}],"version-history":[{"count":70,"href":"https:\/\/rancholaluna.mx\/index.php\/wp-json\/wp\/v2\/pages\/147\/revisions"}],"predecessor-version":[{"id":639,"href":"https:\/\/rancholaluna.mx\/index.php\/wp-json\/wp\/v2\/pages\/147\/revisions\/639"}],"wp:featuredmedia":[{"embeddable":true,"href":"https:\/\/rancholaluna.mx\/index.php\/wp-json\/wp\/v2\/media\/199"}],"wp:attachment":[{"href":"https:\/\/rancholaluna.mx\/index.php\/wp-json\/wp\/v2\/media?parent=147"}],"curies":[{"name":"wp","href":"https:\/\/api.w.org\/{rel}","templated":true}]}}